{"id":2105,"date":"2025-02-06T13:10:31","date_gmt":"2025-02-06T18:10:31","guid":{"rendered":"https:\/\/www.placeportobello.com\/?page_id=2105"},"modified":"2026-04-06T09:09:41","modified_gmt":"2026-04-06T13:09:41","slug":"domicile","status":"publish","type":"page","link":"https:\/\/www.placeportobello.com\/fr\/","title":{"rendered":"Accueil"},"content":{"rendered":"\t\t<div data-elementor-type=\"wp-page\" data-elementor-id=\"2105\" class=\"elementor elementor-2105 elementor-90\" data-elementor-post-type=\"page\">\n\t\t\t\t<div class=\"elementor-element elementor-element-7e08d48 e-con-full e-flex e-con e-parent\" data-id=\"7e08d48\" data-element_type=\"container\">\n\t\t\t\t<div class=\"elementor-element elementor-element-e6b11f4 elementor--h-position-center elementor--v-position-middle elementor-arrows-position-inside elementor-pagination-position-inside elementor-widget elementor-widget-slides\" data-id=\"e6b11f4\" data-element_type=\"widget\" data-settings=\"{&quot;navigation&quot;:&quot;both&quot;,&quot;autoplay&quot;:&quot;yes&quot;,&quot;pause_on_hover&quot;:&quot;yes&quot;,&quot;pause_on_interaction&quot;:&quot;yes&quot;,&quot;autoplay_speed&quot;:5000,&quot;infinite&quot;:&quot;yes&quot;,&quot;transition&quot;:&quot;slide&quot;,&quot;transition_speed&quot;:500}\" data-widget_type=\"slides.default\">\n\t\t\t\t<div class=\"elementor-widget-container\">\n\t\t\t\t\t\t\t\t\t<div class=\"elementor-swiper\">\n\t\t\t\t\t<div class=\"elementor-slides-wrapper elementor-main-swiper swiper\" role=\"region\" aria-roledescription=\"carousel\" aria-label=\"Slides\" dir=\"ltr\" data-animation=\"fadeInUp\">\n\t\t\t\t<div class=\"swiper-wrapper elementor-slides\">\n\t\t\t\t\t\t\t\t\t\t<div class=\"elementor-repeater-item-042d300 swiper-slide\" role=\"group\" aria-roledescription=\"slide\"><div class=\"swiper-slide-bg\" role=\"img\" aria-label=\"wix web banner (9)\"><\/div><div class=\"swiper-slide-inner\" ><div class=\"swiper-slide-contents\"><\/div><\/div><\/div><div class=\"elementor-repeater-item-c32a08c swiper-slide\" role=\"group\" aria-roledescription=\"slide\"><div class=\"swiper-slide-bg\" role=\"img\" aria-label=\"Portobello Alveole Banner\"><\/div><div class=\"elementor-background-overlay\"><\/div><a class=\"swiper-slide-inner\" href=\"https:\/\/myhive.alveole.buzz\/first-capital-realty-place-portobello\"><div class=\"swiper-slide-contents\"><div class=\"elementor-slide-heading\">Saviez-vous que nous avons une colonie d'abeilles sur le toit ?<\/div><div class=\"elementor-slide-description\">En savoir plus sur notre initiative avec Alv\u00e9ole !<\/div><div  class=\"elementor-button elementor-slide-button elementor-size-sm\">cliquez ici<\/div><\/div><\/a><\/div>\t\t\t\t<\/div>\n\t\t\t\t\t\t\t\t\t\t\t\t\t\t\t<div class=\"elementor-swiper-button elementor-swiper-button-prev\" role=\"button\" tabindex=\"0\" aria-label=\"Diapositive pr\u00e9c\u00e9dente\">\n\t\t\t\t\t\t\t<svg aria-hidden=\"true\" class=\"e-font-icon-svg e-eicon-chevron-left\" viewBox=\"0 0 1000 1000\" xmlns=\"http:\/\/www.w3.org\/2000\/svg\"><path d=\"M646 125C629 125 613 133 604 142L308 442C296 454 292 471 292 487 292 504 296 521 308 533L604 854C617 867 629 875 646 875 663 875 679 871 692 858 704 846 713 829 713 812 713 796 708 779 692 767L438 487 692 225C700 217 708 204 708 187 708 171 704 154 692 142 675 129 663 125 646 125Z\"><\/path><\/svg>\t\t\t\t\t\t<\/div>\n\t\t\t\t\t\t<div class=\"elementor-swiper-button elementor-swiper-button-next\" role=\"button\" tabindex=\"0\" aria-label=\"Diapositive suivante\">\n\t\t\t\t\t\t\t<svg aria-hidden=\"true\" class=\"e-font-icon-svg e-eicon-chevron-right\" viewBox=\"0 0 1000 1000\" xmlns=\"http:\/\/www.w3.org\/2000\/svg\"><path d=\"M696 533C708 521 713 504 713 487 713 471 708 454 696 446L400 146C388 133 375 125 354 125 338 125 325 129 313 142 300 154 292 171 292 187 292 204 296 221 308 233L563 492 304 771C292 783 288 800 288 817 288 833 296 850 308 863 321 871 338 875 354 875 371 875 388 867 400 854L696 533Z\"><\/path><\/svg>\t\t\t\t\t\t<\/div>\n\t\t\t\t\t\t\t\t\t\t\t\t\t\t\t\t<div class=\"swiper-pagination\"><\/div>\n\t\t\t\t\t\t\t\t\t\t\t\t<\/div>\n\t\t\t\t<\/div>\n\t\t\t\t\t\t\t\t<\/div>\n\t\t\t\t<\/div>\n\t\t\t\t<\/div>\n\t\t<div class=\"elementor-element elementor-element-75e375f e-flex e-con-boxed e-con e-parent\" data-id=\"75e375f\" data-element_type=\"container\">\n\t\t\t\t\t<div class=\"e-con-inner\">\n\t\t<div class=\"elementor-element elementor-element-7293bcd e-con-full e-flex e-con e-child\" data-id=\"7293bcd\" data-element_type=\"container\">\n\t\t\t\t<div class=\"elementor-element elementor-element-5680d46 elementor-widget elementor-widget-heading\" data-id=\"5680d46\" data-element_type=\"widget\" data-widget_type=\"heading.default\">\n\t\t\t\t<div class=\"elementor-widget-container\">\n\t\t\t\t\t<h2 class=\"elementor-heading-title elementor-size-default\"><br>Bonjour Brossard !<\/h2>\t\t\t\t<\/div>\n\t\t\t\t<\/div>\n\t\t\t\t<div class=\"elementor-element elementor-element-5e82d71 elementor-widget elementor-widget-text-editor\" data-id=\"5e82d71\" data-element_type=\"widget\" data-widget_type=\"text-editor.default\">\n\t\t\t\t<div class=\"elementor-widget-container\">\n\t\t\t\t\t\t\t\t\t<p>Place Portobello est l&#8217;endroit id\u00e9al pour trouver l&#8217;ingr\u00e9dient qui vous manque pour le souper de ce soir, apporter la touche finale \u00e0 votre d\u00e9coration int\u00e9rieure ou d\u00e9couvrir le cadeau parfait. Des courses quotidiennes aux occasions sp\u00e9ciales, votre centre commercial de quartier a tout ce qu&#8217;il vous faut !<\/p>\t\t\t\t\t\t\t\t<\/div>\n\t\t\t\t<\/div>\n\t\t\t\t<div class=\"elementor-element elementor-element-0567657 elementor-invisible elementor-widget elementor-widget-button\" data-id=\"0567657\" data-element_type=\"widget\" data-settings=\"{&quot;_animation&quot;:&quot;fadeInDown&quot;}\" data-widget_type=\"button.default\">\n\t\t\t\t<div class=\"elementor-widget-container\">\n\t\t\t\t\t\t\t\t\t<div class=\"elementor-button-wrapper\">\n\t\t\t\t\t<a class=\"elementor-button elementor-button-link elementor-size-sm\" href=\"\/fr\/directory\/\">\n\t\t\t\t\t\t<span class=\"elementor-button-content-wrapper\">\n\t\t\t\t\t\t\t\t\t<span class=\"elementor-button-text\">Nos magasins<\/span>\n\t\t\t\t\t<\/span>\n\t\t\t\t\t<\/a>\n\t\t\t\t<\/div>\n\t\t\t\t\t\t\t\t<\/div>\n\t\t\t\t<\/div>\n\t\t\t\t<div class=\"elementor-element elementor-element-f903274 elementor-widget elementor-widget-spacer\" data-id=\"f903274\" data-element_type=\"widget\" data-widget_type=\"spacer.default\">\n\t\t\t\t<div class=\"elementor-widget-container\">\n\t\t\t\t\t\t\t<div class=\"elementor-spacer\">\n\t\t\t<div class=\"elementor-spacer-inner\"><\/div>\n\t\t<\/div>\n\t\t\t\t\t\t<\/div>\n\t\t\t\t<\/div>\n\t\t\t\t<\/div>\n\t\t<div class=\"elementor-element elementor-element-4cefa15 e-con-full e-flex e-con e-child\" data-id=\"4cefa15\" data-element_type=\"container\">\n\t\t\t\t<div class=\"elementor-element elementor-element-5770752 elementor-widget elementor-widget-spacer\" data-id=\"5770752\" data-element_type=\"widget\" data-widget_type=\"spacer.default\">\n\t\t\t\t<div class=\"elementor-widget-container\">\n\t\t\t\t\t\t\t<div class=\"elementor-spacer\">\n\t\t\t<div class=\"elementor-spacer-inner\"><\/div>\n\t\t<\/div>\n\t\t\t\t\t\t<\/div>\n\t\t\t\t<\/div>\n\t\t\t\t<div class=\"elementor-element elementor-element-ae677ec elementor-widget elementor-widget-image\" data-id=\"ae677ec\" data-element_type=\"widget\" data-widget_type=\"image.default\">\n\t\t\t\t<div class=\"elementor-widget-container\">\n\t\t\t\t\t\t\t\t\t\t\t\t\t\t\t<img fetchpriority=\"high\" decoding=\"async\" width=\"800\" height=\"367\" src=\"https:\/\/www.placeportobello.com\/wp-content\/uploads\/sites\/21\/2026\/01\/Portobello-1-1-e1771608509792-1024x470.png\" class=\"attachment-large size-large wp-image-1851\" alt=\"\" srcset=\"https:\/\/www.placeportobello.com\/wp-content\/uploads\/sites\/21\/2026\/01\/Portobello-1-1-e1771608509792-1024x470.png 1024w, https:\/\/www.placeportobello.com\/wp-content\/uploads\/sites\/21\/2026\/01\/Portobello-1-1-e1771608509792-300x138.png 300w, https:\/\/www.placeportobello.com\/wp-content\/uploads\/sites\/21\/2026\/01\/Portobello-1-1-e1771608509792-768x353.png 768w, https:\/\/www.placeportobello.com\/wp-content\/uploads\/sites\/21\/2026\/01\/Portobello-1-1-e1771608509792.png 1110w\" sizes=\"(max-width: 800px) 100vw, 800px\" \/>\t\t\t\t\t\t\t\t\t\t\t\t\t\t\t<\/div>\n\t\t\t\t<\/div>\n\t\t\t\t<\/div>\n\t\t\t\t\t<\/div>\n\t\t\t\t<\/div>\n\t\t<div class=\"elementor-element elementor-element-3c2b395 e-flex e-con-boxed e-con e-parent\" data-id=\"3c2b395\" data-element_type=\"container\">\n\t\t\t\t\t<div class=\"e-con-inner\">\n\t\t\t\t<div class=\"elementor-element elementor-element-b1f4630 elementor-widget elementor-widget-heading\" data-id=\"b1f4630\" data-element_type=\"widget\" data-widget_type=\"heading.default\">\n\t\t\t\t<div class=\"elementor-widget-container\">\n\t\t\t\t\t<h2 class=\"elementor-heading-title elementor-size-default\"><br>Locataires principaux<\/h2>\t\t\t\t<\/div>\n\t\t\t\t<\/div>\n\t\t\t\t\t<\/div>\n\t\t\t\t<\/div>\n\t\t<div class=\"elementor-element elementor-element-5951a39 e-grid e-con-boxed e-con e-parent\" data-id=\"5951a39\" data-element_type=\"container\">\n\t\t\t\t\t<div class=\"e-con-inner\">\n\t\t\t\t<div class=\"elementor-element elementor-element-73df6e6 elementor-widget elementor-widget-image\" data-id=\"73df6e6\" data-element_type=\"widget\" data-widget_type=\"image.default\">\n\t\t\t\t<div class=\"elementor-widget-container\">\n\t\t\t\t\t\t\t\t\t\t\t\t\t\t\t\t<a href=\"https:\/\/www.placeportobello.com\/fr\/directory\/rona-2\/\">\n\t\t\t\t\t\t\t<img decoding=\"async\" width=\"800\" height=\"400\" src=\"https:\/\/www.placeportobello.com\/wp-content\/uploads\/sites\/21\/2026\/01\/Rona-2.png\" class=\"attachment-large size-large wp-image-1549\" alt=\"\" srcset=\"https:\/\/www.placeportobello.com\/wp-content\/uploads\/sites\/21\/2026\/01\/Rona-2.png 1000w, https:\/\/www.placeportobello.com\/wp-content\/uploads\/sites\/21\/2026\/01\/Rona-2-300x150.png 300w, https:\/\/www.placeportobello.com\/wp-content\/uploads\/sites\/21\/2026\/01\/Rona-2-768x384.png 768w\" sizes=\"(max-width: 800px) 100vw, 800px\" \/>\t\t\t\t\t\t\t\t<\/a>\n\t\t\t\t\t\t\t\t\t\t\t\t\t\t\t<\/div>\n\t\t\t\t<\/div>\n\t\t\t\t<div class=\"elementor-element elementor-element-5a57755 elementor-widget elementor-widget-image\" data-id=\"5a57755\" data-element_type=\"widget\" data-widget_type=\"image.default\">\n\t\t\t\t<div class=\"elementor-widget-container\">\n\t\t\t\t\t\t\t\t\t\t\t\t\t\t\t\t<a href=\"https:\/\/www.placeportobello.com\/fr\/directory\/linen-chest-depot-2\/\">\n\t\t\t\t\t\t\t<img decoding=\"async\" width=\"800\" height=\"400\" src=\"https:\/\/www.placeportobello.com\/wp-content\/uploads\/sites\/21\/2026\/01\/Linen-Chest-Logo.png\" class=\"attachment-large size-large wp-image-2038\" alt=\"\" srcset=\"https:\/\/www.placeportobello.com\/wp-content\/uploads\/sites\/21\/2026\/01\/Linen-Chest-Logo.png 1000w, https:\/\/www.placeportobello.com\/wp-content\/uploads\/sites\/21\/2026\/01\/Linen-Chest-Logo-300x150.png 300w, https:\/\/www.placeportobello.com\/wp-content\/uploads\/sites\/21\/2026\/01\/Linen-Chest-Logo-768x384.png 768w\" sizes=\"(max-width: 800px) 100vw, 800px\" \/>\t\t\t\t\t\t\t\t<\/a>\n\t\t\t\t\t\t\t\t\t\t\t\t\t\t\t<\/div>\n\t\t\t\t<\/div>\n\t\t\t\t<div class=\"elementor-element elementor-element-b65bf32 elementor-widget elementor-widget-image\" data-id=\"b65bf32\" data-element_type=\"widget\" data-widget_type=\"image.default\">\n\t\t\t\t<div class=\"elementor-widget-container\">\n\t\t\t\t\t\t\t\t\t\t\t\t\t\t\t\t<a href=\"https:\/\/www.placeportobello.com\/fr\/directory\/maxi-2\/\">\n\t\t\t\t\t\t\t<img loading=\"lazy\" decoding=\"async\" width=\"800\" height=\"400\" src=\"https:\/\/www.placeportobello.com\/wp-content\/uploads\/sites\/21\/2026\/01\/Maxi-Logo.png\" class=\"attachment-large size-large wp-image-2039\" alt=\"\" srcset=\"https:\/\/www.placeportobello.com\/wp-content\/uploads\/sites\/21\/2026\/01\/Maxi-Logo.png 1000w, https:\/\/www.placeportobello.com\/wp-content\/uploads\/sites\/21\/2026\/01\/Maxi-Logo-300x150.png 300w, https:\/\/www.placeportobello.com\/wp-content\/uploads\/sites\/21\/2026\/01\/Maxi-Logo-768x384.png 768w\" sizes=\"(max-width: 800px) 100vw, 800px\" \/>\t\t\t\t\t\t\t\t<\/a>\n\t\t\t\t\t\t\t\t\t\t\t\t\t\t\t<\/div>\n\t\t\t\t<\/div>\n\t\t\t\t<div class=\"elementor-element elementor-element-2a8dd3a elementor-widget elementor-widget-image\" data-id=\"2a8dd3a\" data-element_type=\"widget\" data-widget_type=\"image.default\">\n\t\t\t\t<div class=\"elementor-widget-container\">\n\t\t\t\t\t\t\t\t\t\t\t\t\t\t\t\t<a href=\"https:\/\/www.placeportobello.com\/fr\/directory\/pharmacie-jean-coutu-2\/\">\n\t\t\t\t\t\t\t<img loading=\"lazy\" decoding=\"async\" width=\"800\" height=\"400\" src=\"https:\/\/www.placeportobello.com\/wp-content\/uploads\/sites\/21\/2026\/01\/Jean-Coutu-Logo-1.png\" class=\"attachment-large size-large wp-image-1589\" alt=\"\" srcset=\"https:\/\/www.placeportobello.com\/wp-content\/uploads\/sites\/21\/2026\/01\/Jean-Coutu-Logo-1.png 1000w, https:\/\/www.placeportobello.com\/wp-content\/uploads\/sites\/21\/2026\/01\/Jean-Coutu-Logo-1-300x150.png 300w, https:\/\/www.placeportobello.com\/wp-content\/uploads\/sites\/21\/2026\/01\/Jean-Coutu-Logo-1-768x384.png 768w\" sizes=\"(max-width: 800px) 100vw, 800px\" \/>\t\t\t\t\t\t\t\t<\/a>\n\t\t\t\t\t\t\t\t\t\t\t\t\t\t\t<\/div>\n\t\t\t\t<\/div>\n\t\t\t\t<div class=\"elementor-element elementor-element-82c61ca elementor-widget elementor-widget-image\" data-id=\"82c61ca\" data-element_type=\"widget\" data-widget_type=\"image.default\">\n\t\t\t\t<div class=\"elementor-widget-container\">\n\t\t\t\t\t\t\t\t\t\t\t\t\t\t\t\t<a href=\"https:\/\/www.placeportobello.com\/fr\/directory\/dollarama-2\/\">\n\t\t\t\t\t\t\t<img loading=\"lazy\" decoding=\"async\" width=\"800\" height=\"400\" src=\"https:\/\/www.placeportobello.com\/wp-content\/uploads\/sites\/21\/2026\/01\/Dollarama-1.png\" class=\"attachment-large size-large wp-image-1583\" alt=\"\" srcset=\"https:\/\/www.placeportobello.com\/wp-content\/uploads\/sites\/21\/2026\/01\/Dollarama-1.png 1000w, https:\/\/www.placeportobello.com\/wp-content\/uploads\/sites\/21\/2026\/01\/Dollarama-1-300x150.png 300w, https:\/\/www.placeportobello.com\/wp-content\/uploads\/sites\/21\/2026\/01\/Dollarama-1-768x384.png 768w\" sizes=\"(max-width: 800px) 100vw, 800px\" \/>\t\t\t\t\t\t\t\t<\/a>\n\t\t\t\t\t\t\t\t\t\t\t\t\t\t\t<\/div>\n\t\t\t\t<\/div>\n\t\t\t\t<div class=\"elementor-element elementor-element-ebe30bf elementor-widget elementor-widget-image\" data-id=\"ebe30bf\" data-element_type=\"widget\" data-widget_type=\"image.default\">\n\t\t\t\t<div class=\"elementor-widget-container\">\n\t\t\t\t\t\t\t\t\t\t\t\t\t\t\t\t<a href=\"https:\/\/www.placeportobello.com\/fr\/directory\/renaissance-2\/\">\n\t\t\t\t\t\t\t<img loading=\"lazy\" decoding=\"async\" width=\"800\" height=\"400\" src=\"https:\/\/www.placeportobello.com\/wp-content\/uploads\/sites\/21\/2026\/01\/Renaissance-Logo-2.png\" class=\"attachment-large size-large wp-image-1548\" alt=\"\" srcset=\"https:\/\/www.placeportobello.com\/wp-content\/uploads\/sites\/21\/2026\/01\/Renaissance-Logo-2.png 1000w, https:\/\/www.placeportobello.com\/wp-content\/uploads\/sites\/21\/2026\/01\/Renaissance-Logo-2-300x150.png 300w, https:\/\/www.placeportobello.com\/wp-content\/uploads\/sites\/21\/2026\/01\/Renaissance-Logo-2-768x384.png 768w\" sizes=\"(max-width: 800px) 100vw, 800px\" \/>\t\t\t\t\t\t\t\t<\/a>\n\t\t\t\t\t\t\t\t\t\t\t\t\t\t\t<\/div>\n\t\t\t\t<\/div>\n\t\t\t\t\t<\/div>\n\t\t\t\t<\/div>\n\t\t\t\t<\/div>\n\t\t","protected":false},"excerpt":{"rendered":"<p>Saviez-vous que nous avons une colonie d&#8217;abeilles sur le toit ?En savoir plus sur notre initiative avec Alv\u00e9ole !cliquez ici Bonjour Brossard ! Place Portobello est l&#8217;endroit id\u00e9al pour trouver l&#8217;ingr\u00e9dient qui vous manque pour le souper de ce soir, apporter la touche finale \u00e0 votre d\u00e9coration int\u00e9rieure ou d\u00e9couvrir le cadeau parfait. Des courses [&hellip;]<\/p>\n","protected":false},"author":2,"featured_media":2009,"parent":0,"menu_order":0,"comment_status":"closed","ping_status":"closed","template":"elementor_theme","meta":{"_acf_changed":false,"footnotes":""},"class_list":["post-2105","page","type-page","status-publish","has-post-thumbnail","hentry"],"acf":[],"yoast_head":"<!-- This site is optimized with the Yoast SEO plugin v26.0 - https:\/\/yoast.com\/wordpress\/plugins\/seo\/ -->\n<title>Accueil - Place Portobello<\/title>\n<meta name=\"description\" content=\"Place Portobello est l&#039;endroit id\u00e9al pour trouver l&#039;ingr\u00e9dient qui vous manque pour le d\u00eener de ce soir, apporter la touche finale \u00e0 votre d\u00e9coration int\u00e9rieure ou d\u00e9nicher le cadeau parfait.\" \/>\n<meta name=\"robots\" content=\"index, follow, max-snippet:-1, max-image-preview:large, max-video-preview:-1\" \/>\n<link rel=\"canonical\" href=\"https:\/\/www.placeportobello.com\/fr\/\" \/>\n<meta property=\"og:locale\" content=\"fr_FR\" \/>\n<meta property=\"og:type\" content=\"article\" \/>\n<meta property=\"og:title\" content=\"Accueil - Place Portobello\" \/>\n<meta property=\"og:description\" content=\"Place Portobello est l&#039;endroit id\u00e9al pour trouver l&#039;ingr\u00e9dient qui vous manque pour le d\u00eener de ce soir, apporter la touche finale \u00e0 votre d\u00e9coration int\u00e9rieure ou d\u00e9nicher le cadeau parfait.\" \/>\n<meta property=\"og:url\" content=\"https:\/\/www.placeportobello.com\/fr\/\" \/>\n<meta property=\"og:site_name\" content=\"Place Portobello\" \/>\n<meta property=\"article:modified_time\" content=\"2026-04-06T13:09:41+00:00\" \/>\n<meta property=\"og:image\" content=\"https:\/\/www.placeportobello.com\/wp-content\/uploads\/sites\/21\/2026\/01\/wix-web-banner-9-e1768499111416.jpg\" \/>\n\t<meta property=\"og:image:width\" content=\"1073\" \/>\n\t<meta property=\"og:image:height\" content=\"510\" \/>\n\t<meta property=\"og:image:type\" content=\"image\/jpeg\" \/>\n<meta name=\"twitter:card\" content=\"summary_large_image\" \/>\n<meta name=\"twitter:label1\" content=\"Dur\u00e9e de lecture estim\u00e9e\" \/>\n\t<meta name=\"twitter:data1\" content=\"2 minutes\" \/>\n<script type=\"application\/ld+json\" class=\"yoast-schema-graph\">{\"@context\":\"https:\/\/schema.org\",\"@graph\":[{\"@type\":\"WebPage\",\"@id\":\"https:\/\/www.placeportobello.com\/fr\/\",\"url\":\"https:\/\/www.placeportobello.com\/fr\/\",\"name\":\"Accueil - Place Portobello\",\"isPartOf\":{\"@id\":\"https:\/\/www.placeportobello.com\/fr\/#website\"},\"primaryImageOfPage\":{\"@id\":\"https:\/\/www.placeportobello.com\/fr\/#primaryimage\"},\"image\":{\"@id\":\"https:\/\/www.placeportobello.com\/fr\/#primaryimage\"},\"thumbnailUrl\":\"https:\/\/www.placeportobello.com\/wp-content\/uploads\/sites\/21\/2026\/01\/wix-web-banner-9-e1768499111416.jpg\",\"datePublished\":\"2025-02-06T18:10:31+00:00\",\"dateModified\":\"2026-04-06T13:09:41+00:00\",\"description\":\"Place Portobello est l'endroit id\u00e9al pour trouver l'ingr\u00e9dient qui vous manque pour le d\u00eener de ce soir, apporter la touche finale \u00e0 votre d\u00e9coration int\u00e9rieure ou d\u00e9nicher le cadeau parfait.\",\"breadcrumb\":{\"@id\":\"https:\/\/www.placeportobello.com\/fr\/#breadcrumb\"},\"inLanguage\":\"fr-FR\",\"potentialAction\":[{\"@type\":\"ReadAction\",\"target\":[\"https:\/\/www.placeportobello.com\/fr\/\"]}]},{\"@type\":\"ImageObject\",\"inLanguage\":\"fr-FR\",\"@id\":\"https:\/\/www.placeportobello.com\/fr\/#primaryimage\",\"url\":\"https:\/\/www.placeportobello.com\/wp-content\/uploads\/sites\/21\/2026\/01\/wix-web-banner-9-e1768499111416.jpg\",\"contentUrl\":\"https:\/\/www.placeportobello.com\/wp-content\/uploads\/sites\/21\/2026\/01\/wix-web-banner-9-e1768499111416.jpg\",\"width\":1073,\"height\":510},{\"@type\":\"BreadcrumbList\",\"@id\":\"https:\/\/www.placeportobello.com\/fr\/#breadcrumb\",\"itemListElement\":[{\"@type\":\"ListItem\",\"position\":1,\"name\":\"Home\",\"item\":\"https:\/\/www.placeportobello.com\/fr\/\"},{\"@type\":\"ListItem\",\"position\":2,\"name\":\"Accueil\"}]},{\"@type\":\"WebSite\",\"@id\":\"https:\/\/www.placeportobello.com\/fr\/#website\",\"url\":\"https:\/\/www.placeportobello.com\/fr\/\",\"name\":\"Place Portobello\",\"description\":\"\",\"potentialAction\":[{\"@type\":\"SearchAction\",\"target\":{\"@type\":\"EntryPoint\",\"urlTemplate\":\"https:\/\/www.placeportobello.com\/fr\/?s={search_term_string}\"},\"query-input\":{\"@type\":\"PropertyValueSpecification\",\"valueRequired\":true,\"valueName\":\"search_term_string\"}}],\"inLanguage\":\"fr-FR\"}]}<\/script>\n<!-- \/ Yoast SEO plugin. -->","yoast_head_json":{"title":"Accueil - Place Portobello","description":"Place Portobello est l'endroit id\u00e9al pour trouver l'ingr\u00e9dient qui vous manque pour le d\u00eener de ce soir, apporter la touche finale \u00e0 votre d\u00e9coration int\u00e9rieure ou d\u00e9nicher le cadeau parfait.","robots":{"index":"index","follow":"follow","max-snippet":"max-snippet:-1","max-image-preview":"max-image-preview:large","max-video-preview":"max-video-preview:-1"},"canonical":"https:\/\/www.placeportobello.com\/fr\/","og_locale":"fr_FR","og_type":"article","og_title":"Accueil - Place Portobello","og_description":"Place Portobello est l'endroit id\u00e9al pour trouver l'ingr\u00e9dient qui vous manque pour le d\u00eener de ce soir, apporter la touche finale \u00e0 votre d\u00e9coration int\u00e9rieure ou d\u00e9nicher le cadeau parfait.","og_url":"https:\/\/www.placeportobello.com\/fr\/","og_site_name":"Place Portobello","article_modified_time":"2026-04-06T13:09:41+00:00","og_image":[{"width":1073,"height":510,"url":"https:\/\/www.placeportobello.com\/wp-content\/uploads\/sites\/21\/2026\/01\/wix-web-banner-9-e1768499111416.jpg","type":"image\/jpeg"}],"twitter_card":"summary_large_image","twitter_misc":{"Dur\u00e9e de lecture estim\u00e9e":"2 minutes"},"schema":{"@context":"https:\/\/schema.org","@graph":[{"@type":"WebPage","@id":"https:\/\/www.placeportobello.com\/fr\/","url":"https:\/\/www.placeportobello.com\/fr\/","name":"Accueil - Place Portobello","isPartOf":{"@id":"https:\/\/www.placeportobello.com\/fr\/#website"},"primaryImageOfPage":{"@id":"https:\/\/www.placeportobello.com\/fr\/#primaryimage"},"image":{"@id":"https:\/\/www.placeportobello.com\/fr\/#primaryimage"},"thumbnailUrl":"https:\/\/www.placeportobello.com\/wp-content\/uploads\/sites\/21\/2026\/01\/wix-web-banner-9-e1768499111416.jpg","datePublished":"2025-02-06T18:10:31+00:00","dateModified":"2026-04-06T13:09:41+00:00","description":"Place Portobello est l'endroit id\u00e9al pour trouver l'ingr\u00e9dient qui vous manque pour le d\u00eener de ce soir, apporter la touche finale \u00e0 votre d\u00e9coration int\u00e9rieure ou d\u00e9nicher le cadeau parfait.","breadcrumb":{"@id":"https:\/\/www.placeportobello.com\/fr\/#breadcrumb"},"inLanguage":"fr-FR","potentialAction":[{"@type":"ReadAction","target":["https:\/\/www.placeportobello.com\/fr\/"]}]},{"@type":"ImageObject","inLanguage":"fr-FR","@id":"https:\/\/www.placeportobello.com\/fr\/#primaryimage","url":"https:\/\/www.placeportobello.com\/wp-content\/uploads\/sites\/21\/2026\/01\/wix-web-banner-9-e1768499111416.jpg","contentUrl":"https:\/\/www.placeportobello.com\/wp-content\/uploads\/sites\/21\/2026\/01\/wix-web-banner-9-e1768499111416.jpg","width":1073,"height":510},{"@type":"BreadcrumbList","@id":"https:\/\/www.placeportobello.com\/fr\/#breadcrumb","itemListElement":[{"@type":"ListItem","position":1,"name":"Home","item":"https:\/\/www.placeportobello.com\/fr\/"},{"@type":"ListItem","position":2,"name":"Accueil"}]},{"@type":"WebSite","@id":"https:\/\/www.placeportobello.com\/fr\/#website","url":"https:\/\/www.placeportobello.com\/fr\/","name":"Place Portobello","description":"","potentialAction":[{"@type":"SearchAction","target":{"@type":"EntryPoint","urlTemplate":"https:\/\/www.placeportobello.com\/fr\/?s={search_term_string}"},"query-input":{"@type":"PropertyValueSpecification","valueRequired":true,"valueName":"search_term_string"}}],"inLanguage":"fr-FR"}]}},"_links":{"self":[{"href":"https:\/\/www.placeportobello.com\/fr\/wp-json\/wp\/v2\/pages\/2105","targetHints":{"allow":["GET"]}}],"collection":[{"href":"https:\/\/www.placeportobello.com\/fr\/wp-json\/wp\/v2\/pages"}],"about":[{"href":"https:\/\/www.placeportobello.com\/fr\/wp-json\/wp\/v2\/types\/page"}],"author":[{"embeddable":true,"href":"https:\/\/www.placeportobello.com\/fr\/wp-json\/wp\/v2\/users\/2"}],"replies":[{"embeddable":true,"href":"https:\/\/www.placeportobello.com\/fr\/wp-json\/wp\/v2\/comments?post=2105"}],"version-history":[{"count":42,"href":"https:\/\/www.placeportobello.com\/fr\/wp-json\/wp\/v2\/pages\/2105\/revisions"}],"predecessor-version":[{"id":2273,"href":"https:\/\/www.placeportobello.com\/fr\/wp-json\/wp\/v2\/pages\/2105\/revisions\/2273"}],"wp:featuredmedia":[{"embeddable":true,"href":"https:\/\/www.placeportobello.com\/fr\/wp-json\/wp\/v2\/media\/2009"}],"wp:attachment":[{"href":"https:\/\/www.placeportobello.com\/fr\/wp-json\/wp\/v2\/media?parent=2105"}],"curies":[{"name":"wp","href":"https:\/\/api.w.org\/{rel}","templated":true}]}}