{"id":2055,"date":"2025-02-14T14:38:35","date_gmt":"2025-02-14T19:38:35","guid":{"rendered":"https:\/\/www.placeportobello.com\/actualites\/"},"modified":"2026-02-03T16:20:57","modified_gmt":"2026-02-03T21:20:57","slug":"actualites","status":"publish","type":"page","link":"https:\/\/www.placeportobello.com\/fr\/actualites\/","title":{"rendered":"Actualit\u00e9s"},"content":{"rendered":"\t\t<div data-elementor-type=\"wp-page\" data-elementor-id=\"2055\" class=\"elementor elementor-2055 elementor-521\" data-elementor-post-type=\"page\">\n\t\t\t\t<div class=\"elementor-element elementor-element-e749a72 e-flex e-con-boxed e-con e-parent\" data-id=\"e749a72\" data-element_type=\"container\">\n\t\t\t\t\t<div class=\"e-con-inner\">\n\t\t\t\t<div class=\"elementor-element elementor-element-2d4cb87 elementor-grid-3 elementor-grid-tablet-2 elementor-grid-mobile-1 elementor-posts--thumbnail-top elementor-card-shadow-yes elementor-posts__hover-gradient elementor-widget elementor-widget-posts\" data-id=\"2d4cb87\" data-element_type=\"widget\" data-settings=\"{&quot;cards_masonry&quot;:&quot;yes&quot;,&quot;cards_columns&quot;:&quot;3&quot;,&quot;cards_columns_tablet&quot;:&quot;2&quot;,&quot;cards_columns_mobile&quot;:&quot;1&quot;,&quot;cards_row_gap&quot;:{&quot;unit&quot;:&quot;px&quot;,&quot;size&quot;:35,&quot;sizes&quot;:[]},&quot;cards_row_gap_tablet&quot;:{&quot;unit&quot;:&quot;px&quot;,&quot;size&quot;:&quot;&quot;,&quot;sizes&quot;:[]},&quot;cards_row_gap_mobile&quot;:{&quot;unit&quot;:&quot;px&quot;,&quot;size&quot;:&quot;&quot;,&quot;sizes&quot;:[]}}\" data-widget_type=\"posts.cards\">\n\t\t\t\t<div class=\"elementor-widget-container\">\n\t\t\t\t\t\t\t<div class=\"elementor-posts-container elementor-posts elementor-posts--skin-cards elementor-grid\" role=\"list\">\n\t\t\t\t<article class=\"elementor-post elementor-grid-item post-2225 post type-post status-publish format-standard has-post-thumbnail hentry category-non-categorise\" role=\"listitem\">\n\t\t\t<div class=\"elementor-post__card\">\n\t\t\t\t<a class=\"elementor-post__thumbnail__link\" href=\"https:\/\/www.placeportobello.com\/fr\/2026\/03\/17\/rencontre-avec-le-lapin-de-paques\/\" tabindex=\"-1\" ><div class=\"elementor-post__thumbnail\"><img fetchpriority=\"high\" decoding=\"async\" width=\"675\" height=\"844\" src=\"https:\/\/www.placeportobello.com\/wp-content\/uploads\/sites\/21\/2026\/03\/Property-Website-Post-Featured-Image-Wordpress-5.png\" class=\"attachment-medium_large size-medium_large wp-image-2224\" alt=\"\" srcset=\"https:\/\/www.placeportobello.com\/wp-content\/uploads\/sites\/21\/2026\/03\/Property-Website-Post-Featured-Image-Wordpress-5.png 675w, https:\/\/www.placeportobello.com\/wp-content\/uploads\/sites\/21\/2026\/03\/Property-Website-Post-Featured-Image-Wordpress-5-240x300.png 240w\" sizes=\"(max-width: 675px) 100vw, 675px\" \/><\/div><\/a>\n\t\t\t\t<div class=\"elementor-post__text\">\n\t\t\t\t<h3 class=\"elementor-post__title\">\n\t\t\t<a href=\"https:\/\/www.placeportobello.com\/fr\/2026\/03\/17\/rencontre-avec-le-lapin-de-paques\/\" >\n\t\t\t\tRencontre avec le lapin de P\u00e2ques\t\t\t<\/a>\n\t\t<\/h3>\n\t\t\n\t\t<a class=\"elementor-post__read-more\" href=\"https:\/\/www.placeportobello.com\/fr\/2026\/03\/17\/rencontre-avec-le-lapin-de-paques\/\" aria-label=\"En savoir plus sur Rencontre avec le lapin de P\u00e2ques\" tabindex=\"-1\" >\n\t\t\tLire la suite \u00bb\t\t<\/a>\n\n\t\t\t\t<\/div>\n\t\t\t\t\t<\/div>\n\t\t<\/article>\n\t\t\t\t<article class=\"elementor-post elementor-grid-item post-2096 post type-post status-publish format-standard has-post-thumbnail hentry category-non-categorise\" role=\"listitem\">\n\t\t\t<div class=\"elementor-post__card\">\n\t\t\t\t<a class=\"elementor-post__thumbnail__link\" href=\"https:\/\/www.placeportobello.com\/fr\/2025\/09\/30\/notre-partenariat-avec-alveole\/\" tabindex=\"-1\" ><div class=\"elementor-post__thumbnail\"><img decoding=\"async\" width=\"768\" height=\"960\" src=\"https:\/\/www.placeportobello.com\/wp-content\/uploads\/sites\/21\/2025\/09\/Property-Website-News-Preview-Photos-1-768x960.jpg\" class=\"attachment-medium_large size-medium_large wp-image-2095\" alt=\"\" srcset=\"https:\/\/www.placeportobello.com\/wp-content\/uploads\/sites\/21\/2025\/09\/Property-Website-News-Preview-Photos-1-768x960.jpg 768w, https:\/\/www.placeportobello.com\/wp-content\/uploads\/sites\/21\/2025\/09\/Property-Website-News-Preview-Photos-1-240x300.jpg 240w, https:\/\/www.placeportobello.com\/wp-content\/uploads\/sites\/21\/2025\/09\/Property-Website-News-Preview-Photos-1-819x1024.jpg 819w, https:\/\/www.placeportobello.com\/wp-content\/uploads\/sites\/21\/2025\/09\/Property-Website-News-Preview-Photos-1.jpg 1080w\" sizes=\"(max-width: 768px) 100vw, 768px\" \/><\/div><\/a>\n\t\t\t\t<div class=\"elementor-post__text\">\n\t\t\t\t<h3 class=\"elementor-post__title\">\n\t\t\t<a href=\"https:\/\/www.placeportobello.com\/fr\/2025\/09\/30\/notre-partenariat-avec-alveole\/\" >\n\t\t\t\tNotre partenariat avec Alveole\t\t\t<\/a>\n\t\t<\/h3>\n\t\t\n\t\t<a class=\"elementor-post__read-more\" href=\"https:\/\/www.placeportobello.com\/fr\/2025\/09\/30\/notre-partenariat-avec-alveole\/\" aria-label=\"En savoir plus sur Notre partenariat avec Alveole\" tabindex=\"-1\" >\n\t\t\tLire la suite \u00bb\t\t<\/a>\n\n\t\t\t\t<\/div>\n\t\t\t\t\t<\/div>\n\t\t<\/article>\n\t\t\t\t<\/div>\n\t\t\n\t\t\t\t\t\t<\/div>\n\t\t\t\t<\/div>\n\t\t\t\t\t<\/div>\n\t\t\t\t<\/div>\n\t\t\t\t<\/div>\n\t\t","protected":false},"excerpt":{"rendered":"","protected":false},"author":1,"featured_media":1851,"parent":0,"menu_order":0,"comment_status":"closed","ping_status":"closed","template":"elementor_theme","meta":{"_acf_changed":false,"footnotes":""},"class_list":["post-2055","page","type-page","status-publish","has-post-thumbnail","hentry"],"acf":[],"yoast_head":"<!-- This site is optimized with the Yoast SEO plugin v26.0 - https:\/\/yoast.com\/wordpress\/plugins\/seo\/ -->\n<title>Actualit\u00e9s - Place Portobello<\/title>\n<meta name=\"description\" content=\"Discover what is happening at Centre C\u00f4te Saint-Luc Restez inform\u00e9 des \u00e9v\u00e9nements \u00e0 venir, des mises \u00e0 jour et des nouvelles ouvertures.\" \/>\n<meta name=\"robots\" content=\"index, follow, max-snippet:-1, max-image-preview:large, max-video-preview:-1\" \/>\n<link rel=\"canonical\" href=\"https:\/\/www.placeportobello.com\/fr\/actualites\/\" \/>\n<meta property=\"og:locale\" content=\"fr_FR\" \/>\n<meta property=\"og:type\" content=\"article\" \/>\n<meta property=\"og:title\" content=\"Actualit\u00e9s - Place Portobello\" \/>\n<meta property=\"og:description\" content=\"Discover what is happening at Centre C\u00f4te Saint-Luc Restez inform\u00e9 des \u00e9v\u00e9nements \u00e0 venir, des mises \u00e0 jour et des nouvelles ouvertures.\" \/>\n<meta property=\"og:url\" content=\"https:\/\/www.placeportobello.com\/fr\/actualites\/\" \/>\n<meta property=\"og:site_name\" content=\"Place Portobello\" \/>\n<meta property=\"article:modified_time\" content=\"2026-02-03T21:20:57+00:00\" \/>\n<meta property=\"og:image\" content=\"https:\/\/www.placeportobello.com\/wp-content\/uploads\/sites\/21\/2026\/01\/Portobello-1-1-e1767908773365.png\" \/>\n\t<meta property=\"og:image:width\" content=\"1217\" \/>\n\t<meta property=\"og:image:height\" content=\"510\" \/>\n\t<meta property=\"og:image:type\" content=\"image\/png\" \/>\n<meta name=\"twitter:card\" content=\"summary_large_image\" \/>\n<script type=\"application\/ld+json\" class=\"yoast-schema-graph\">{\"@context\":\"https:\/\/schema.org\",\"@graph\":[{\"@type\":\"WebPage\",\"@id\":\"https:\/\/www.placeportobello.com\/fr\/actualites\/\",\"url\":\"https:\/\/www.placeportobello.com\/fr\/actualites\/\",\"name\":\"Actualit\u00e9s - Place Portobello\",\"isPartOf\":{\"@id\":\"https:\/\/www.placeportobello.com\/fr\/#website\"},\"primaryImageOfPage\":{\"@id\":\"https:\/\/www.placeportobello.com\/fr\/actualites\/#primaryimage\"},\"image\":{\"@id\":\"https:\/\/www.placeportobello.com\/fr\/actualites\/#primaryimage\"},\"thumbnailUrl\":\"https:\/\/www.placeportobello.com\/wp-content\/uploads\/sites\/21\/2026\/01\/Portobello-1-1-e1771608509792.png\",\"datePublished\":\"2025-02-14T19:38:35+00:00\",\"dateModified\":\"2026-02-03T21:20:57+00:00\",\"description\":\"Discover what is happening at Centre C\u00f4te Saint-Luc Restez inform\u00e9 des \u00e9v\u00e9nements \u00e0 venir, des mises \u00e0 jour et des nouvelles ouvertures.\",\"breadcrumb\":{\"@id\":\"https:\/\/www.placeportobello.com\/fr\/actualites\/#breadcrumb\"},\"inLanguage\":\"fr-FR\",\"potentialAction\":[{\"@type\":\"ReadAction\",\"target\":[\"https:\/\/www.placeportobello.com\/fr\/actualites\/\"]}]},{\"@type\":\"ImageObject\",\"inLanguage\":\"fr-FR\",\"@id\":\"https:\/\/www.placeportobello.com\/fr\/actualites\/#primaryimage\",\"url\":\"https:\/\/www.placeportobello.com\/wp-content\/uploads\/sites\/21\/2026\/01\/Portobello-1-1-e1771608509792.png\",\"contentUrl\":\"https:\/\/www.placeportobello.com\/wp-content\/uploads\/sites\/21\/2026\/01\/Portobello-1-1-e1771608509792.png\",\"width\":1110,\"height\":510},{\"@type\":\"BreadcrumbList\",\"@id\":\"https:\/\/www.placeportobello.com\/fr\/actualites\/#breadcrumb\",\"itemListElement\":[{\"@type\":\"ListItem\",\"position\":1,\"name\":\"Home\",\"item\":\"https:\/\/www.placeportobello.com\/fr\/\"},{\"@type\":\"ListItem\",\"position\":2,\"name\":\"Actualit\u00e9s\"}]},{\"@type\":\"WebSite\",\"@id\":\"https:\/\/www.placeportobello.com\/fr\/#website\",\"url\":\"https:\/\/www.placeportobello.com\/fr\/\",\"name\":\"Place Portobello\",\"description\":\"\",\"potentialAction\":[{\"@type\":\"SearchAction\",\"target\":{\"@type\":\"EntryPoint\",\"urlTemplate\":\"https:\/\/www.placeportobello.com\/fr\/?s={search_term_string}\"},\"query-input\":{\"@type\":\"PropertyValueSpecification\",\"valueRequired\":true,\"valueName\":\"search_term_string\"}}],\"inLanguage\":\"fr-FR\"}]}<\/script>\n<!-- \/ Yoast SEO plugin. -->","yoast_head_json":{"title":"Actualit\u00e9s - Place Portobello","description":"Discover what is happening at Centre C\u00f4te Saint-Luc Restez inform\u00e9 des \u00e9v\u00e9nements \u00e0 venir, des mises \u00e0 jour et des nouvelles ouvertures.","robots":{"index":"index","follow":"follow","max-snippet":"max-snippet:-1","max-image-preview":"max-image-preview:large","max-video-preview":"max-video-preview:-1"},"canonical":"https:\/\/www.placeportobello.com\/fr\/actualites\/","og_locale":"fr_FR","og_type":"article","og_title":"Actualit\u00e9s - Place Portobello","og_description":"Discover what is happening at Centre C\u00f4te Saint-Luc Restez inform\u00e9 des \u00e9v\u00e9nements \u00e0 venir, des mises \u00e0 jour et des nouvelles ouvertures.","og_url":"https:\/\/www.placeportobello.com\/fr\/actualites\/","og_site_name":"Place Portobello","article_modified_time":"2026-02-03T21:20:57+00:00","og_image":[{"width":1217,"height":510,"url":"https:\/\/www.placeportobello.com\/wp-content\/uploads\/sites\/21\/2026\/01\/Portobello-1-1-e1767908773365.png","type":"image\/png"}],"twitter_card":"summary_large_image","schema":{"@context":"https:\/\/schema.org","@graph":[{"@type":"WebPage","@id":"https:\/\/www.placeportobello.com\/fr\/actualites\/","url":"https:\/\/www.placeportobello.com\/fr\/actualites\/","name":"Actualit\u00e9s - Place Portobello","isPartOf":{"@id":"https:\/\/www.placeportobello.com\/fr\/#website"},"primaryImageOfPage":{"@id":"https:\/\/www.placeportobello.com\/fr\/actualites\/#primaryimage"},"image":{"@id":"https:\/\/www.placeportobello.com\/fr\/actualites\/#primaryimage"},"thumbnailUrl":"https:\/\/www.placeportobello.com\/wp-content\/uploads\/sites\/21\/2026\/01\/Portobello-1-1-e1771608509792.png","datePublished":"2025-02-14T19:38:35+00:00","dateModified":"2026-02-03T21:20:57+00:00","description":"Discover what is happening at Centre C\u00f4te Saint-Luc Restez inform\u00e9 des \u00e9v\u00e9nements \u00e0 venir, des mises \u00e0 jour et des nouvelles ouvertures.","breadcrumb":{"@id":"https:\/\/www.placeportobello.com\/fr\/actualites\/#breadcrumb"},"inLanguage":"fr-FR","potentialAction":[{"@type":"ReadAction","target":["https:\/\/www.placeportobello.com\/fr\/actualites\/"]}]},{"@type":"ImageObject","inLanguage":"fr-FR","@id":"https:\/\/www.placeportobello.com\/fr\/actualites\/#primaryimage","url":"https:\/\/www.placeportobello.com\/wp-content\/uploads\/sites\/21\/2026\/01\/Portobello-1-1-e1771608509792.png","contentUrl":"https:\/\/www.placeportobello.com\/wp-content\/uploads\/sites\/21\/2026\/01\/Portobello-1-1-e1771608509792.png","width":1110,"height":510},{"@type":"BreadcrumbList","@id":"https:\/\/www.placeportobello.com\/fr\/actualites\/#breadcrumb","itemListElement":[{"@type":"ListItem","position":1,"name":"Home","item":"https:\/\/www.placeportobello.com\/fr\/"},{"@type":"ListItem","position":2,"name":"Actualit\u00e9s"}]},{"@type":"WebSite","@id":"https:\/\/www.placeportobello.com\/fr\/#website","url":"https:\/\/www.placeportobello.com\/fr\/","name":"Place Portobello","description":"","potentialAction":[{"@type":"SearchAction","target":{"@type":"EntryPoint","urlTemplate":"https:\/\/www.placeportobello.com\/fr\/?s={search_term_string}"},"query-input":{"@type":"PropertyValueSpecification","valueRequired":true,"valueName":"search_term_string"}}],"inLanguage":"fr-FR"}]}},"_links":{"self":[{"href":"https:\/\/www.placeportobello.com\/fr\/wp-json\/wp\/v2\/pages\/2055","targetHints":{"allow":["GET"]}}],"collection":[{"href":"https:\/\/www.placeportobello.com\/fr\/wp-json\/wp\/v2\/pages"}],"about":[{"href":"https:\/\/www.placeportobello.com\/fr\/wp-json\/wp\/v2\/types\/page"}],"author":[{"embeddable":true,"href":"https:\/\/www.placeportobello.com\/fr\/wp-json\/wp\/v2\/users\/1"}],"replies":[{"embeddable":true,"href":"https:\/\/www.placeportobello.com\/fr\/wp-json\/wp\/v2\/comments?post=2055"}],"version-history":[{"count":1,"href":"https:\/\/www.placeportobello.com\/fr\/wp-json\/wp\/v2\/pages\/2055\/revisions"}],"predecessor-version":[{"id":2057,"href":"https:\/\/www.placeportobello.com\/fr\/wp-json\/wp\/v2\/pages\/2055\/revisions\/2057"}],"wp:featuredmedia":[{"embeddable":true,"href":"https:\/\/www.placeportobello.com\/fr\/wp-json\/wp\/v2\/media\/1851"}],"wp:attachment":[{"href":"https:\/\/www.placeportobello.com\/fr\/wp-json\/wp\/v2\/media?parent=2055"}],"curies":[{"name":"wp","href":"https:\/\/api.w.org\/{rel}","templated":true}]}}