{"id":2011,"date":"2026-01-15T12:50:15","date_gmt":"2026-01-15T17:50:15","guid":{"rendered":"https:\/\/www.placeportobello.com\/horaires-pendant-les-vacances\/"},"modified":"2026-02-03T16:19:10","modified_gmt":"2026-02-03T21:19:10","slug":"horaires-pendant-les-vacances","status":"publish","type":"page","link":"https:\/\/www.placeportobello.com\/fr\/horaires-pendant-les-vacances\/","title":{"rendered":"Horaires pendant les vacances"},"content":{"rendered":"\t\t<div data-elementor-type=\"wp-page\" data-elementor-id=\"2011\" class=\"elementor elementor-2011 elementor-1983\" data-elementor-post-type=\"page\">\n\t\t\t\t<div class=\"elementor-element elementor-element-5933025 e-flex e-con-boxed e-con e-parent\" data-id=\"5933025\" data-element_type=\"container\">\n\t\t\t\t\t<div class=\"e-con-inner\">\n\t\t\t\t<div class=\"elementor-element elementor-element-95cdd2d elementor-widget elementor-widget-text-editor\" data-id=\"95cdd2d\" data-element_type=\"widget\" data-widget_type=\"text-editor.default\">\n\t\t\t\t<div class=\"elementor-widget-container\">\n\t\t\t\t\t\t\t\t\t<p><strong>Horaires des jours f\u00e9ri\u00e9s 2026<\/strong><\/p><p class=\"font_8 wixui-rich-text__text\">Dimanche de P\u00e2ques (dimanche 5 avril) &#8211; FERM\u00c9<\/p><p class=\"font_8 wixui-rich-text__text\">F\u00eate de Victoria (lundi 18 mai) &#8211; OUVERT<\/p><p class=\"font_8 wixui-rich-text__text\">F\u00eate nationale du Qu\u00e9bec (mercredi 24 juin) &#8211; FERM\u00c9<\/p><p class=\"font_8 wixui-rich-text__text\">F\u00eate du Canada (mercredi 1er juillet) &#8211; FERM\u00c9<\/p><p class=\"font_8 wixui-rich-text__text\">F\u00eate du Travail (lundi 7 septembre) &#8211; FERM\u00c9*<\/p><p class=\"font_8 wixui-rich-text__text\">Thanksgiving (lundi 12 octobre) &#8211; OUVERT<\/p><p class=\"font_8 wixui-rich-text__text\">Veille de No\u00ebl (jeudi 24 d\u00e9cembre) &#8211; 9 h \u00e0 17 h<\/p><p class=\"font_8 wixui-rich-text__text\">Jour de No\u00ebl (vendredi 25 d\u00e9cembre) &#8211; FERM\u00c9*<\/p><p class=\"font_8 wixui-rich-text__text\">Boxing Day (26 d\u00e9cembre, samedi) &#8211; Ouvert \u00e0 partir de 13 h<\/p><p class=\"font_8 wixui-rich-text__text\">New Year\u2019s Eve (December 31st, Thursday) &#8211; <span class=\"wixui-rich-text__text\">9:00 am to 5:00 pm<\/span><\/p><p class=\"font_8 wixui-rich-text__text\">Jour de l&#8217;An (vendredi 1er janvier 2027) &#8211; FERM\u00c9<\/p><p class=\"font_8 wixui-rich-text__text\"><span class=\"wixui-rich-text__text\">\u200b<\/span><\/p><p class=\"font_8 wixui-rich-text__text\"><strong><span class=\"wixui-rich-text__text\">Jean Coutu <\/span><\/strong><\/p><p class=\"font_8 wixui-rich-text__text\">Jeudi 24 d\u00e9cembre &#8211; de 9 h \u00e0 21 h<\/p><p class=\"font_8 wixui-rich-text__text\">Vendredi 25 d\u00e9cembre &#8211; de 12 h \u00e0 17 h<\/p><p class=\"font_8 wixui-rich-text__text\">Samedi 26 d\u00e9cembre &#8211; de 10 h \u00e0 21 h<\/p><p class=\"font_8 wixui-rich-text__text\">Jeudi 31 d\u00e9cembre &#8211; 9 h \u00e0 21 h<\/p><p class=\"font_8 wixui-rich-text__text\">Vendredi 1er janvier &#8211; de 12 h \u00e0 17 h<\/p><p class=\"font_8 wixui-rich-text__text\"> <\/p><p class=\"font_8 wixui-rich-text__text\"><strong><span class=\"wixui-rich-text__text\">Maxi<\/span><\/strong><\/p><p class=\"font_8 wixui-rich-text__text\">Jeudi 24 d\u00e9cembre &#8211; de 8 h \u00e0 17 h<\/p><p class=\"font_8 wixui-rich-text__text\">Vendredi 25 d\u00e9cembre &#8211; FERM\u00c9<\/p><p class=\"font_8 wixui-rich-text__text\">Samedi 26 d\u00e9cembre &#8211; 13 h \u00e0 21 h<\/p><p class=\"font_8 wixui-rich-text__text\">Jeudi 31 d\u00e9cembre &#8211; de 8 h \u00e0 17 h<\/p><p class=\"font_8 wixui-rich-text__text\">Vendredi 1er janvier &#8211; FERM\u00c9<\/p><p class=\"font_8 wixui-rich-text__text\"> <\/p><p class=\"font_8 wixui-rich-text__text\"><strong><span class=\"wixui-rich-text__text\">Dollarama <\/span><\/strong><\/p><p class=\"font_8 wixui-rich-text__text\">Thursday, December 24th &#8211; 8:00 am to 5:00 pm<\/p><p class=\"font_8 wixui-rich-text__text\">Vendredi 25 d\u00e9cembre &#8211; FERM\u00c9<\/p><p class=\"font_8 wixui-rich-text__text\">Samedi 26 d\u00e9cembre &#8211; 13 h \u00e0 21 h<\/p><p class=\"font_8 wixui-rich-text__text\">Jeudi 31 d\u00e9cembre &#8211; de 8 h \u00e0 17 h<\/p><p class=\"font_8 wixui-rich-text__text\">Vendredi 1er janvier &#8211; FERM\u00c9<\/p><p class=\"font_8 wixui-rich-text__text\"><span class=\"wixui-rich-text__text\">\u200b<\/span><\/p><p class=\"font_8 wixui-rich-text__text\"><span class=\"wixui-rich-text__text\">*Except certain businesses. Please contact the retailers directly, subject to change. <\/span><\/p>\t\t\t\t\t\t\t\t<\/div>\n\t\t\t\t<\/div>\n\t\t\t\t\t<\/div>\n\t\t\t\t<\/div>\n\t\t\t\t<\/div>\n\t\t","protected":false},"excerpt":{"rendered":"<p>Horaires des jours f\u00e9ri\u00e9s 2026 Dimanche de P\u00e2ques (dimanche 5 avril) &#8211; FERM\u00c9 F\u00eate de Victoria (lundi 18 mai) &#8211; OUVERT F\u00eate nationale du Qu\u00e9bec (mercredi 24 juin) &#8211; FERM\u00c9 F\u00eate du Canada (mercredi 1er juillet) &#8211; FERM\u00c9 F\u00eate du Travail (lundi 7 septembre) &#8211; FERM\u00c9* Thanksgiving (lundi 12 octobre) &#8211; OUVERT Veille de No\u00ebl [&hellip;]<\/p>\n","protected":false},"author":2,"featured_media":0,"parent":0,"menu_order":0,"comment_status":"closed","ping_status":"closed","template":"","meta":{"_acf_changed":false,"footnotes":""},"class_list":["post-2011","page","type-page","status-publish","hentry"],"acf":[],"yoast_head":"<!-- This site is optimized with the Yoast SEO plugin v26.0 - https:\/\/yoast.com\/wordpress\/plugins\/seo\/ -->\n<title>Horaires pendant les vacances - Place Portobello<\/title>\n<meta name=\"robots\" content=\"index, follow, max-snippet:-1, max-image-preview:large, max-video-preview:-1\" \/>\n<link rel=\"canonical\" href=\"https:\/\/www.placeportobello.com\/fr\/horaires-pendant-les-vacances\/\" \/>\n<meta property=\"og:locale\" content=\"fr_FR\" \/>\n<meta property=\"og:type\" content=\"article\" \/>\n<meta property=\"og:title\" content=\"Horaires pendant les vacances - Place Portobello\" \/>\n<meta property=\"og:description\" content=\"Horaires des jours f\u00e9ri\u00e9s 2026 Dimanche de P\u00e2ques (dimanche 5 avril) &#8211; FERM\u00c9 F\u00eate de Victoria (lundi 18 mai) &#8211; OUVERT F\u00eate nationale du Qu\u00e9bec (mercredi 24 juin) &#8211; FERM\u00c9 F\u00eate du Canada (mercredi 1er juillet) &#8211; FERM\u00c9 F\u00eate du Travail (lundi 7 septembre) &#8211; FERM\u00c9* Thanksgiving (lundi 12 octobre) &#8211; OUVERT Veille de No\u00ebl [&hellip;]\" \/>\n<meta property=\"og:url\" content=\"https:\/\/www.placeportobello.com\/fr\/horaires-pendant-les-vacances\/\" \/>\n<meta property=\"og:site_name\" content=\"Place Portobello\" \/>\n<meta property=\"article:modified_time\" content=\"2026-02-03T21:19:10+00:00\" \/>\n<meta name=\"twitter:card\" content=\"summary_large_image\" \/>\n<meta name=\"twitter:label1\" content=\"Dur\u00e9e de lecture estim\u00e9e\" \/>\n\t<meta name=\"twitter:data1\" content=\"1 minute\" \/>\n<script type=\"application\/ld+json\" class=\"yoast-schema-graph\">{\"@context\":\"https:\/\/schema.org\",\"@graph\":[{\"@type\":\"WebPage\",\"@id\":\"https:\/\/www.placeportobello.com\/fr\/horaires-pendant-les-vacances\/\",\"url\":\"https:\/\/www.placeportobello.com\/fr\/horaires-pendant-les-vacances\/\",\"name\":\"Horaires pendant les vacances - Place Portobello\",\"isPartOf\":{\"@id\":\"https:\/\/www.placeportobello.com\/fr\/#website\"},\"datePublished\":\"2026-01-15T17:50:15+00:00\",\"dateModified\":\"2026-02-03T21:19:10+00:00\",\"breadcrumb\":{\"@id\":\"https:\/\/www.placeportobello.com\/fr\/horaires-pendant-les-vacances\/#breadcrumb\"},\"inLanguage\":\"fr-FR\",\"potentialAction\":[{\"@type\":\"ReadAction\",\"target\":[\"https:\/\/www.placeportobello.com\/fr\/horaires-pendant-les-vacances\/\"]}]},{\"@type\":\"BreadcrumbList\",\"@id\":\"https:\/\/www.placeportobello.com\/fr\/horaires-pendant-les-vacances\/#breadcrumb\",\"itemListElement\":[{\"@type\":\"ListItem\",\"position\":1,\"name\":\"Home\",\"item\":\"https:\/\/www.placeportobello.com\/fr\/\"},{\"@type\":\"ListItem\",\"position\":2,\"name\":\"Horaires pendant les vacances\"}]},{\"@type\":\"WebSite\",\"@id\":\"https:\/\/www.placeportobello.com\/fr\/#website\",\"url\":\"https:\/\/www.placeportobello.com\/fr\/\",\"name\":\"Place Portobello\",\"description\":\"\",\"potentialAction\":[{\"@type\":\"SearchAction\",\"target\":{\"@type\":\"EntryPoint\",\"urlTemplate\":\"https:\/\/www.placeportobello.com\/fr\/?s={search_term_string}\"},\"query-input\":{\"@type\":\"PropertyValueSpecification\",\"valueRequired\":true,\"valueName\":\"search_term_string\"}}],\"inLanguage\":\"fr-FR\"}]}<\/script>\n<!-- \/ Yoast SEO plugin. -->","yoast_head_json":{"title":"Horaires pendant les vacances - Place Portobello","robots":{"index":"index","follow":"follow","max-snippet":"max-snippet:-1","max-image-preview":"max-image-preview:large","max-video-preview":"max-video-preview:-1"},"canonical":"https:\/\/www.placeportobello.com\/fr\/horaires-pendant-les-vacances\/","og_locale":"fr_FR","og_type":"article","og_title":"Horaires pendant les vacances - Place Portobello","og_description":"Horaires des jours f\u00e9ri\u00e9s 2026 Dimanche de P\u00e2ques (dimanche 5 avril) &#8211; FERM\u00c9 F\u00eate de Victoria (lundi 18 mai) &#8211; OUVERT F\u00eate nationale du Qu\u00e9bec (mercredi 24 juin) &#8211; FERM\u00c9 F\u00eate du Canada (mercredi 1er juillet) &#8211; FERM\u00c9 F\u00eate du Travail (lundi 7 septembre) &#8211; FERM\u00c9* Thanksgiving (lundi 12 octobre) &#8211; OUVERT Veille de No\u00ebl [&hellip;]","og_url":"https:\/\/www.placeportobello.com\/fr\/horaires-pendant-les-vacances\/","og_site_name":"Place Portobello","article_modified_time":"2026-02-03T21:19:10+00:00","twitter_card":"summary_large_image","twitter_misc":{"Dur\u00e9e de lecture estim\u00e9e":"1 minute"},"schema":{"@context":"https:\/\/schema.org","@graph":[{"@type":"WebPage","@id":"https:\/\/www.placeportobello.com\/fr\/horaires-pendant-les-vacances\/","url":"https:\/\/www.placeportobello.com\/fr\/horaires-pendant-les-vacances\/","name":"Horaires pendant les vacances - Place Portobello","isPartOf":{"@id":"https:\/\/www.placeportobello.com\/fr\/#website"},"datePublished":"2026-01-15T17:50:15+00:00","dateModified":"2026-02-03T21:19:10+00:00","breadcrumb":{"@id":"https:\/\/www.placeportobello.com\/fr\/horaires-pendant-les-vacances\/#breadcrumb"},"inLanguage":"fr-FR","potentialAction":[{"@type":"ReadAction","target":["https:\/\/www.placeportobello.com\/fr\/horaires-pendant-les-vacances\/"]}]},{"@type":"BreadcrumbList","@id":"https:\/\/www.placeportobello.com\/fr\/horaires-pendant-les-vacances\/#breadcrumb","itemListElement":[{"@type":"ListItem","position":1,"name":"Home","item":"https:\/\/www.placeportobello.com\/fr\/"},{"@type":"ListItem","position":2,"name":"Horaires pendant les vacances"}]},{"@type":"WebSite","@id":"https:\/\/www.placeportobello.com\/fr\/#website","url":"https:\/\/www.placeportobello.com\/fr\/","name":"Place Portobello","description":"","potentialAction":[{"@type":"SearchAction","target":{"@type":"EntryPoint","urlTemplate":"https:\/\/www.placeportobello.com\/fr\/?s={search_term_string}"},"query-input":{"@type":"PropertyValueSpecification","valueRequired":true,"valueName":"search_term_string"}}],"inLanguage":"fr-FR"}]}},"_links":{"self":[{"href":"https:\/\/www.placeportobello.com\/fr\/wp-json\/wp\/v2\/pages\/2011","targetHints":{"allow":["GET"]}}],"collection":[{"href":"https:\/\/www.placeportobello.com\/fr\/wp-json\/wp\/v2\/pages"}],"about":[{"href":"https:\/\/www.placeportobello.com\/fr\/wp-json\/wp\/v2\/types\/page"}],"author":[{"embeddable":true,"href":"https:\/\/www.placeportobello.com\/fr\/wp-json\/wp\/v2\/users\/2"}],"replies":[{"embeddable":true,"href":"https:\/\/www.placeportobello.com\/fr\/wp-json\/wp\/v2\/comments?post=2011"}],"version-history":[{"count":5,"href":"https:\/\/www.placeportobello.com\/fr\/wp-json\/wp\/v2\/pages\/2011\/revisions"}],"predecessor-version":[{"id":2052,"href":"https:\/\/www.placeportobello.com\/fr\/wp-json\/wp\/v2\/pages\/2011\/revisions\/2052"}],"wp:attachment":[{"href":"https:\/\/www.placeportobello.com\/fr\/wp-json\/wp\/v2\/media?parent=2011"}],"curies":[{"name":"wp","href":"https:\/\/api.w.org\/{rel}","templated":true}]}}