{"id":1729,"date":"2025-02-06T13:10:16","date_gmt":"2025-02-06T18:10:16","guid":{"rendered":"https:\/\/www.placeportobello.com\/contact\/"},"modified":"2026-03-23T10:04:58","modified_gmt":"2026-03-23T14:04:58","slug":"contact","status":"publish","type":"page","link":"https:\/\/www.placeportobello.com\/fr\/contact\/","title":{"rendered":"Contact"},"content":{"rendered":"\t\t<div data-elementor-type=\"wp-page\" data-elementor-id=\"1729\" class=\"elementor elementor-1729 elementor-57\" data-elementor-post-type=\"page\">\n\t\t\t\t<div class=\"elementor-element elementor-element-1c606f3 e-flex e-con-boxed e-con e-parent\" data-id=\"1c606f3\" data-element_type=\"container\">\n\t\t\t\t\t<div class=\"e-con-inner\">\n\t\t\t\t<div class=\"elementor-element elementor-element-51f0e98 elementor-widget elementor-widget-spacer\" data-id=\"51f0e98\" data-element_type=\"widget\" data-widget_type=\"spacer.default\">\n\t\t\t\t<div class=\"elementor-widget-container\">\n\t\t\t\t\t\t\t<div class=\"elementor-spacer\">\n\t\t\t<div class=\"elementor-spacer-inner\"><\/div>\n\t\t<\/div>\n\t\t\t\t\t\t<\/div>\n\t\t\t\t<\/div>\n\t\t\t\t<div class=\"elementor-element elementor-element-c9cb580 elementor-widget elementor-widget-heading\" data-id=\"c9cb580\" data-element_type=\"widget\" data-widget_type=\"heading.default\">\n\t\t\t\t<div class=\"elementor-widget-container\">\n\t\t\t\t\t<h2 class=\"elementor-heading-title elementor-size-default\">Nous contacter<\/h2>\t\t\t\t<\/div>\n\t\t\t\t<\/div>\n\t\t\t\t\t<\/div>\n\t\t\t\t<\/div>\n\t\t<div class=\"elementor-element elementor-element-7ff7489 e-flex e-con-boxed e-con e-parent\" data-id=\"7ff7489\" data-element_type=\"container\">\n\t\t\t\t\t<div class=\"e-con-inner\">\n\t\t<div class=\"elementor-element elementor-element-5a515c0 e-con-full e-flex e-con e-child\" data-id=\"5a515c0\" data-element_type=\"container\">\n\t\t\t\t<div class=\"elementor-element elementor-element-1cfa229 elementor-widget elementor-widget-text-editor\" data-id=\"1cfa229\" data-element_type=\"widget\" data-widget_type=\"text-editor.default\">\n\t\t\t\t<div class=\"elementor-widget-container\">\n\t\t\t\t\t\t\t\t\t<h4 class=\"font_4 wixui-rich-text__text\"><span class=\"wixui-rich-text__text\">Bureau de gestion:<\/span><\/h4><p><span class=\"color_36 wixui-rich-text__text\"><span class=\"wixui-rich-text__text\">Notre bureau de gestion est situ\u00e9 sur place, au 7250, boulevard Taschereau,<br class=\"wixui-rich-text__text\">Brossard, \u00e0 la suite 62, \u00e0 c\u00f4t\u00e9 de l&#8217;aire de restauration.<\/span><\/span><\/p><h4 class=\"font_4 wixui-rich-text__text\"><span class=\"wixui-rich-text__text\">Jos\u00e9e Laverdi\u00e8re, Gestionnaire immobilier<\/span><\/h4><p class=\"font_8 wixui-rich-text__text\"><span class=\"wixui-rich-text__text\"><a href=\"mailto:josee.laverdiere@fcr.ca\">josee.laverdiere@fcr.ca<\/a><\/span><br>438-483-5074<\/p><h4 class=\"font_4 wixui-rich-text__text\"><span class=\"wixui-rich-text__text\">Magali Petelo, Administrateur immobilier senior<\/span><\/h4><p class=\"font_8 wixui-rich-text__text\"><a href=\"mailto:magali.petelo@fcr.ca\">magali.petelo@fcr.ca<br><\/a><span class=\"wixui-rich-text__text\">450.672.0666<\/span><a href=\"mailto:josee.laverdiere@fcr.ca\"><br><\/a><span class=\"wixui-rich-text__text\"><span class=\"wixGuard wixui-rich-text__text\">\u200b<\/span><\/span><\/p><h4 class=\"font_4 wixui-rich-text__text\"><span class=\"wixui-rich-text__text\">Dany Provost, Superviseur des op\u00e9rations<\/span><\/h4><p class=\"font_8 wixui-rich-text__text\"><a href=\"mailto:dany.provost@fcr.ca\"><span class=\"wixui-rich-text__text\">dany.provost@fcr.ca<\/span><\/a><a href=\"mailto:magali.petelo@fcr.ca\"><br><\/a>514.466.4184<\/p>\t\t\t\t\t\t\t\t<\/div>\n\t\t\t\t<\/div>\n\t\t\t\t<\/div>\n\t\t<div class=\"elementor-element elementor-element-f2efa9a e-con-full e-flex e-con e-child\" data-id=\"f2efa9a\" data-element_type=\"container\">\n\t\t\t\t<div class=\"elementor-element elementor-element-1e15316 elementor-button-align-stretch elementor-widget elementor-widget-form\" data-id=\"1e15316\" data-element_type=\"widget\" data-settings=\"{&quot;step_next_label&quot;:&quot;Suivant&quot;,&quot;step_previous_label&quot;:&quot;Pr\\u00e9c\\u00e9dent&quot;,&quot;button_width&quot;:&quot;100&quot;,&quot;step_type&quot;:&quot;number_text&quot;,&quot;step_icon_shape&quot;:&quot;circle&quot;}\" data-widget_type=\"form.default\">\n\t\t\t\t<div class=\"elementor-widget-container\">\n\t\t\t\t\t\t\t<form class=\"elementor-form\" method=\"post\" name=\"Formulaire de contact\" aria-label=\"Formulaire de contact\">\n\t\t\t<input type=\"hidden\" name=\"post_id\" value=\"1729\"\/>\n\t\t\t<input type=\"hidden\" name=\"form_id\" value=\"1e15316\"\/>\n\t\t\t<input type=\"hidden\" name=\"referer_title\" value=\"Contact - Place Portobello\" \/>\n\n\t\t\t\t\t\t\t<input type=\"hidden\" name=\"queried_id\" value=\"1729\"\/>\n\t\t\t\n\t\t\t<div class=\"elementor-form-fields-wrapper elementor-labels-above\">\n\t\t\t\t\t\t\t\t<div class=\"elementor-field-type-text elementor-field-group elementor-column elementor-field-group-contact_firstname elementor-col-100 elementor-field-required elementor-mark-required\">\n\t\t\t\t\t\t\t\t\t\t\t\t<label for=\"form-field-contact_firstname\" class=\"elementor-field-label\">\n\t\t\t\t\t\t\t\tpr\u00e9nom\t\t\t\t\t\t\t<\/label>\n\t\t\t\t\t\t\t\t\t\t\t\t\t\t<input size=\"1\" type=\"text\" name=\"form_fields[contact_firstname]\" id=\"form-field-contact_firstname\" class=\"elementor-field elementor-size-sm  elementor-field-textual\" placeholder=\"pr\u00e9nom\" required=\"required\">\n\t\t\t\t\t\t\t\t\t\t\t<\/div>\n\t\t\t\t\t\t\t\t<div class=\"elementor-field-type-text elementor-field-group elementor-column elementor-field-group-contact_lastname elementor-col-100\">\n\t\t\t\t\t\t\t\t\t\t\t\t<label for=\"form-field-contact_lastname\" class=\"elementor-field-label\">\n\t\t\t\t\t\t\t\tNom de famille\t\t\t\t\t\t\t<\/label>\n\t\t\t\t\t\t\t\t\t\t\t\t\t\t<input size=\"1\" type=\"text\" name=\"form_fields[contact_lastname]\" id=\"form-field-contact_lastname\" class=\"elementor-field elementor-size-sm  elementor-field-textual\" placeholder=\"Nom de famille\">\n\t\t\t\t\t\t\t\t\t\t\t<\/div>\n\t\t\t\t\t\t\t\t<div class=\"elementor-field-type-email elementor-field-group elementor-column elementor-field-group-contact_email elementor-col-100 elementor-field-required elementor-mark-required\">\n\t\t\t\t\t\t\t\t\t\t\t\t<label for=\"form-field-contact_email\" class=\"elementor-field-label\">\n\t\t\t\t\t\t\t\tcourriel\t\t\t\t\t\t\t<\/label>\n\t\t\t\t\t\t\t\t\t\t\t\t\t\t<input size=\"1\" type=\"email\" name=\"form_fields[contact_email]\" id=\"form-field-contact_email\" class=\"elementor-field elementor-size-sm  elementor-field-textual\" placeholder=\"courriel\" required=\"required\">\n\t\t\t\t\t\t\t\t\t\t\t<\/div>\n\t\t\t\t\t\t\t\t<div class=\"elementor-field-type-textarea elementor-field-group elementor-column elementor-field-group-contact_message elementor-col-100 elementor-field-required elementor-mark-required\">\n\t\t\t\t\t\t\t\t\t\t\t\t<label for=\"form-field-contact_message\" class=\"elementor-field-label\">\n\t\t\t\t\t\t\t\tMessage\t\t\t\t\t\t\t<\/label>\n\t\t\t\t\t\t<textarea class=\"elementor-field-textual elementor-field  elementor-size-sm\" name=\"form_fields[contact_message]\" id=\"form-field-contact_message\" rows=\"4\" placeholder=\"Message\" required=\"required\"><\/textarea>\t\t\t\t<\/div>\n\t\t\t\t\t\t\t\t<div class=\"elementor-field-type-recaptcha_v3 elementor-field-group elementor-column elementor-field-group-field_52c49d2 elementor-col-100 recaptcha_v3-inline\">\n\t\t\t\t\t<div class=\"elementor-field\" id=\"form-field-field_52c49d2\"><div class=\"elementor-g-recaptcha\" data-sitekey=\"6LeNU5EsAAAAAO1iYagBsPUZh0RO_oeYMN8QKSRo\" data-type=\"v3\" data-action=\"Form\" data-badge=\"inline\" data-size=\"invisible\"><\/div><\/div>\t\t\t\t<\/div>\n\t\t\t\t\t\t\t\t<div class=\"elementor-field-group elementor-column elementor-field-type-submit elementor-col-100 e-form__buttons\">\n\t\t\t\t\t<button class=\"elementor-button elementor-size-sm\" type=\"submit\">\n\t\t\t\t\t\t<span class=\"elementor-button-content-wrapper\">\n\t\t\t\t\t\t\t\t\t\t\t\t\t\t\t\t\t\t\t\t\t\t<span class=\"elementor-button-text\">Envoyer<\/span>\n\t\t\t\t\t\t\t\t\t\t\t\t\t<\/span>\n\t\t\t\t\t<\/button>\n\t\t\t\t<\/div>\n\t\t\t<\/div>\n\t\t<\/form>\n\t\t\t\t\t\t<\/div>\n\t\t\t\t<\/div>\n\t\t\t\t<\/div>\n\t\t\t\t\t<\/div>\n\t\t\t\t<\/div>\n\t\t\t\t<\/div>\n\t\t","protected":false},"excerpt":{"rendered":"<p>Nous contacter Bureau de gestion: Notre bureau de gestion est situ\u00e9 sur place, au 7250, boulevard Taschereau,Brossard, \u00e0 la suite 62, \u00e0 c\u00f4t\u00e9 de l&#8217;aire de restauration. Jos\u00e9e Laverdi\u00e8re, Gestionnaire immobilier josee.laverdiere@fcr.ca438-483-5074 Magali Petelo, Administrateur immobilier senior magali.petelo@fcr.ca450.672.0666\u200b Dany Provost, Superviseur des op\u00e9rations dany.provost@fcr.ca514.466.4184<\/p>\n","protected":false},"author":1,"featured_media":2009,"parent":0,"menu_order":0,"comment_status":"closed","ping_status":"closed","template":"elementor_theme","meta":{"_acf_changed":false,"footnotes":""},"class_list":["post-1729","page","type-page","status-publish","has-post-thumbnail","hentry"],"acf":[],"yoast_head":"<!-- This site is optimized with the Yoast SEO plugin v26.0 - https:\/\/yoast.com\/wordpress\/plugins\/seo\/ -->\n<title>Contact - Place Portobello<\/title>\n<meta name=\"description\" content=\"Contactez la gestion immobili\u00e8re, les agents immobiliers et obtenez plus d&#039;informations.\" \/>\n<meta name=\"robots\" content=\"index, follow, max-snippet:-1, max-image-preview:large, max-video-preview:-1\" \/>\n<link rel=\"canonical\" href=\"https:\/\/www.placeportobello.com\/fr\/contact\/\" \/>\n<meta property=\"og:locale\" content=\"fr_FR\" \/>\n<meta property=\"og:type\" content=\"article\" \/>\n<meta property=\"og:title\" content=\"Contact - Place Portobello\" \/>\n<meta property=\"og:description\" content=\"Contactez la gestion immobili\u00e8re, les agents immobiliers et obtenez plus d&#039;informations.\" \/>\n<meta property=\"og:url\" content=\"https:\/\/www.placeportobello.com\/fr\/contact\/\" \/>\n<meta property=\"og:site_name\" content=\"Place Portobello\" \/>\n<meta property=\"article:modified_time\" content=\"2026-03-23T14:04:58+00:00\" \/>\n<meta property=\"og:image\" content=\"https:\/\/www.placeportobello.com\/wp-content\/uploads\/sites\/21\/2026\/01\/wix-web-banner-9-e1768499111416.jpg\" \/>\n\t<meta property=\"og:image:width\" content=\"1073\" \/>\n\t<meta property=\"og:image:height\" content=\"510\" \/>\n\t<meta property=\"og:image:type\" content=\"image\/jpeg\" \/>\n<meta name=\"twitter:card\" content=\"summary_large_image\" \/>\n<meta name=\"twitter:label1\" content=\"Dur\u00e9e de lecture estim\u00e9e\" \/>\n\t<meta name=\"twitter:data1\" content=\"1 minute\" \/>\n<script type=\"application\/ld+json\" class=\"yoast-schema-graph\">{\"@context\":\"https:\/\/schema.org\",\"@graph\":[{\"@type\":\"WebPage\",\"@id\":\"https:\/\/www.placeportobello.com\/fr\/contact\/\",\"url\":\"https:\/\/www.placeportobello.com\/fr\/contact\/\",\"name\":\"Contact - Place Portobello\",\"isPartOf\":{\"@id\":\"https:\/\/www.placeportobello.com\/fr\/#website\"},\"primaryImageOfPage\":{\"@id\":\"https:\/\/www.placeportobello.com\/fr\/contact\/#primaryimage\"},\"image\":{\"@id\":\"https:\/\/www.placeportobello.com\/fr\/contact\/#primaryimage\"},\"thumbnailUrl\":\"https:\/\/www.placeportobello.com\/wp-content\/uploads\/sites\/21\/2026\/01\/wix-web-banner-9-e1768499111416.jpg\",\"datePublished\":\"2025-02-06T18:10:16+00:00\",\"dateModified\":\"2026-03-23T14:04:58+00:00\",\"description\":\"Contactez la gestion immobili\u00e8re, les agents immobiliers et obtenez plus d'informations.\",\"breadcrumb\":{\"@id\":\"https:\/\/www.placeportobello.com\/fr\/contact\/#breadcrumb\"},\"inLanguage\":\"fr-FR\",\"potentialAction\":[{\"@type\":\"ReadAction\",\"target\":[\"https:\/\/www.placeportobello.com\/fr\/contact\/\"]}]},{\"@type\":\"ImageObject\",\"inLanguage\":\"fr-FR\",\"@id\":\"https:\/\/www.placeportobello.com\/fr\/contact\/#primaryimage\",\"url\":\"https:\/\/www.placeportobello.com\/wp-content\/uploads\/sites\/21\/2026\/01\/wix-web-banner-9-e1768499111416.jpg\",\"contentUrl\":\"https:\/\/www.placeportobello.com\/wp-content\/uploads\/sites\/21\/2026\/01\/wix-web-banner-9-e1768499111416.jpg\",\"width\":1073,\"height\":510},{\"@type\":\"BreadcrumbList\",\"@id\":\"https:\/\/www.placeportobello.com\/fr\/contact\/#breadcrumb\",\"itemListElement\":[{\"@type\":\"ListItem\",\"position\":1,\"name\":\"Home\",\"item\":\"https:\/\/www.placeportobello.com\/fr\/\"},{\"@type\":\"ListItem\",\"position\":2,\"name\":\"Contact\"}]},{\"@type\":\"WebSite\",\"@id\":\"https:\/\/www.placeportobello.com\/fr\/#website\",\"url\":\"https:\/\/www.placeportobello.com\/fr\/\",\"name\":\"Place Portobello\",\"description\":\"\",\"potentialAction\":[{\"@type\":\"SearchAction\",\"target\":{\"@type\":\"EntryPoint\",\"urlTemplate\":\"https:\/\/www.placeportobello.com\/fr\/?s={search_term_string}\"},\"query-input\":{\"@type\":\"PropertyValueSpecification\",\"valueRequired\":true,\"valueName\":\"search_term_string\"}}],\"inLanguage\":\"fr-FR\"}]}<\/script>\n<!-- \/ Yoast SEO plugin. -->","yoast_head_json":{"title":"Contact - Place Portobello","description":"Contactez la gestion immobili\u00e8re, les agents immobiliers et obtenez plus d'informations.","robots":{"index":"index","follow":"follow","max-snippet":"max-snippet:-1","max-image-preview":"max-image-preview:large","max-video-preview":"max-video-preview:-1"},"canonical":"https:\/\/www.placeportobello.com\/fr\/contact\/","og_locale":"fr_FR","og_type":"article","og_title":"Contact - Place Portobello","og_description":"Contactez la gestion immobili\u00e8re, les agents immobiliers et obtenez plus d'informations.","og_url":"https:\/\/www.placeportobello.com\/fr\/contact\/","og_site_name":"Place Portobello","article_modified_time":"2026-03-23T14:04:58+00:00","og_image":[{"width":1073,"height":510,"url":"https:\/\/www.placeportobello.com\/wp-content\/uploads\/sites\/21\/2026\/01\/wix-web-banner-9-e1768499111416.jpg","type":"image\/jpeg"}],"twitter_card":"summary_large_image","twitter_misc":{"Dur\u00e9e de lecture estim\u00e9e":"1 minute"},"schema":{"@context":"https:\/\/schema.org","@graph":[{"@type":"WebPage","@id":"https:\/\/www.placeportobello.com\/fr\/contact\/","url":"https:\/\/www.placeportobello.com\/fr\/contact\/","name":"Contact - Place Portobello","isPartOf":{"@id":"https:\/\/www.placeportobello.com\/fr\/#website"},"primaryImageOfPage":{"@id":"https:\/\/www.placeportobello.com\/fr\/contact\/#primaryimage"},"image":{"@id":"https:\/\/www.placeportobello.com\/fr\/contact\/#primaryimage"},"thumbnailUrl":"https:\/\/www.placeportobello.com\/wp-content\/uploads\/sites\/21\/2026\/01\/wix-web-banner-9-e1768499111416.jpg","datePublished":"2025-02-06T18:10:16+00:00","dateModified":"2026-03-23T14:04:58+00:00","description":"Contactez la gestion immobili\u00e8re, les agents immobiliers et obtenez plus d'informations.","breadcrumb":{"@id":"https:\/\/www.placeportobello.com\/fr\/contact\/#breadcrumb"},"inLanguage":"fr-FR","potentialAction":[{"@type":"ReadAction","target":["https:\/\/www.placeportobello.com\/fr\/contact\/"]}]},{"@type":"ImageObject","inLanguage":"fr-FR","@id":"https:\/\/www.placeportobello.com\/fr\/contact\/#primaryimage","url":"https:\/\/www.placeportobello.com\/wp-content\/uploads\/sites\/21\/2026\/01\/wix-web-banner-9-e1768499111416.jpg","contentUrl":"https:\/\/www.placeportobello.com\/wp-content\/uploads\/sites\/21\/2026\/01\/wix-web-banner-9-e1768499111416.jpg","width":1073,"height":510},{"@type":"BreadcrumbList","@id":"https:\/\/www.placeportobello.com\/fr\/contact\/#breadcrumb","itemListElement":[{"@type":"ListItem","position":1,"name":"Home","item":"https:\/\/www.placeportobello.com\/fr\/"},{"@type":"ListItem","position":2,"name":"Contact"}]},{"@type":"WebSite","@id":"https:\/\/www.placeportobello.com\/fr\/#website","url":"https:\/\/www.placeportobello.com\/fr\/","name":"Place Portobello","description":"","potentialAction":[{"@type":"SearchAction","target":{"@type":"EntryPoint","urlTemplate":"https:\/\/www.placeportobello.com\/fr\/?s={search_term_string}"},"query-input":{"@type":"PropertyValueSpecification","valueRequired":true,"valueName":"search_term_string"}}],"inLanguage":"fr-FR"}]}},"_links":{"self":[{"href":"https:\/\/www.placeportobello.com\/fr\/wp-json\/wp\/v2\/pages\/1729","targetHints":{"allow":["GET"]}}],"collection":[{"href":"https:\/\/www.placeportobello.com\/fr\/wp-json\/wp\/v2\/pages"}],"about":[{"href":"https:\/\/www.placeportobello.com\/fr\/wp-json\/wp\/v2\/types\/page"}],"author":[{"embeddable":true,"href":"https:\/\/www.placeportobello.com\/fr\/wp-json\/wp\/v2\/users\/1"}],"replies":[{"embeddable":true,"href":"https:\/\/www.placeportobello.com\/fr\/wp-json\/wp\/v2\/comments?post=1729"}],"version-history":[{"count":9,"href":"https:\/\/www.placeportobello.com\/fr\/wp-json\/wp\/v2\/pages\/1729\/revisions"}],"predecessor-version":[{"id":2255,"href":"https:\/\/www.placeportobello.com\/fr\/wp-json\/wp\/v2\/pages\/1729\/revisions\/2255"}],"wp:featuredmedia":[{"embeddable":true,"href":"https:\/\/www.placeportobello.com\/fr\/wp-json\/wp\/v2\/media\/2009"}],"wp:attachment":[{"href":"https:\/\/www.placeportobello.com\/fr\/wp-json\/wp\/v2\/media?parent=1729"}],"curies":[{"name":"wp","href":"https:\/\/api.w.org\/{rel}","templated":true}]}}